{"id":2,"date":"2024-10-01T07:57:46","date_gmt":"2024-10-01T07:57:46","guid":{"rendered":"https:\/\/barmadariaga.rkinformatika.online\/?page_id=2"},"modified":"2025-03-20T16:12:46","modified_gmt":"2025-03-20T16:12:46","slug":"inicio","status":"publish","type":"page","link":"https:\/\/anaitasunabodegon.com\/eu\/","title":{"rendered":"Hasiera"},"content":{"rendered":"<div data-elementor-type=\"wp-page\" data-elementor-id=\"2\" class=\"elementor elementor-2\" data-elementor-post-type=\"page\">\n\t\t\t\t\t\t<section class=\"elementor-section elementor-top-section elementor-element elementor-element-28c25b9d elementor-section-boxed elementor-section-height-default elementor-section-height-default\" data-id=\"28c25b9d\" data-element_type=\"section\" data-e-type=\"section\">\n\t\t\t\t\t\t\t<div class=\"elementor-background-overlay\"><\/div>\n\t\t\t\t\t\t\t<div class=\"elementor-container elementor-column-gap-default\">\n\t\t\t\t\t<div class=\"elementor-column elementor-col-100 elementor-top-column elementor-element elementor-element-3a961d61\" data-id=\"3a961d61\" data-element_type=\"column\" data-e-type=\"column\">\n\t\t\t<div class=\"elementor-widget-wrap\">\n\t\t\t\t\t\t\t<\/div>\n\t\t<\/div>\n\t\t\t\t\t<\/div>\n\t\t<\/section>\n\t\t\t\t<section class=\"elementor-section elementor-top-section elementor-element elementor-element-5d9377e3 elementor-section-content-middle elementor-section-boxed elementor-section-height-default elementor-section-height-default\" data-id=\"5d9377e3\" data-element_type=\"section\" data-e-type=\"section\" data-settings=\"{&quot;background_background&quot;:&quot;classic&quot;}\">\n\t\t\t\t\t\t\t<div class=\"elementor-background-overlay\"><\/div>\n\t\t\t\t\t\t\t<div class=\"elementor-container elementor-column-gap-default\">\n\t\t\t\t\t<div class=\"elementor-column elementor-col-50 elementor-top-column elementor-element elementor-element-773819b5 elementor-invisible\" data-id=\"773819b5\" data-element_type=\"column\" data-e-type=\"column\" data-settings=\"{&quot;animation&quot;:&quot;fadeInLeft&quot;}\">\n\t\t\t<div class=\"elementor-widget-wrap elementor-element-populated\">\n\t\t\t\t\t\t<div class=\"elementor-element elementor-element-3bc6d5b4 elementor-invisible elementor-widget elementor-widget-heading\" data-id=\"3bc6d5b4\" data-element_type=\"widget\" data-e-type=\"widget\" data-settings=\"{&quot;_animation&quot;:&quot;fadeInUp&quot;}\" data-widget_type=\"heading.default\">\n\t\t\t\t<div class=\"elementor-widget-container\">\n\t\t\t\t\t<h6 class=\"elementor-heading-title elementor-size-default\">Nor garen<\/h6>\t\t\t\t<\/div>\n\t\t\t\t<\/div>\n\t\t\t\t<div class=\"elementor-element elementor-element-e04149f elementor-invisible elementor-widget elementor-widget-heading\" data-id=\"e04149f\" data-element_type=\"widget\" data-e-type=\"widget\" data-settings=\"{&quot;_animation&quot;:&quot;fadeInUp&quot;}\" data-widget_type=\"heading.default\">\n\t\t\t\t<div class=\"elementor-widget-container\">\n\t\t\t\t\t<h2 class=\"elementor-heading-title elementor-size-default\">Bodeg\u00f3n Anaitasuna<\/h2>\t\t\t\t<\/div>\n\t\t\t\t<\/div>\n\t\t\t\t<div class=\"elementor-element elementor-element-5c24a83a elementor-invisible elementor-widget elementor-widget-text-editor\" data-id=\"5c24a83a\" data-element_type=\"widget\" data-e-type=\"widget\" data-settings=\"{&quot;_animation&quot;:&quot;fadeInUp&quot;}\" data-widget_type=\"text-editor.default\">\n\t\t\t\t<div class=\"elementor-widget-container\">\n\t\t\t\t\t\t\t\t\t<p data-start=\"0\" data-end=\"327\">Barakaldon, Bizkaian, 30 urte baino gehiagoko historia duen establezimendua da. Ezaguna da bere giro atseginagatik eta inguruan duen ibilbide oparoagatik. Lokal zabal batekin eta terraza handi batekin, lagunekin elkartzeko eta ingurune eroso eta erlaxatu batean elkarrizketa on batez gozatzeko leku ezin hobea da.<\/p><p data-start=\"329\" data-end=\"638\">Espezialitatea: <strong data-start=\"351\" data-end=\"395\">mota guztietako kafeak, garagardoak eta freskagarriak<\/strong>Gure bezeroei kalitaterik eta barietaterik onena eskaintzen diegu beti. Gainera, topagune bat gara futbola maite dutenentzat eta <strong data-start=\"549\" data-end=\"566\">Athletic Club<\/strong>kirol jardunaldi bakoitzean giro bizia eta grinatsua sortuz.<\/p>\t\t\t\t\t\t\t\t<\/div>\n\t\t\t\t<\/div>\n\t\t\t\t\t<\/div>\n\t\t<\/div>\n\t\t\t\t<div class=\"elementor-column elementor-col-50 elementor-top-column elementor-element elementor-element-198b79f5\" data-id=\"198b79f5\" data-element_type=\"column\" data-e-type=\"column\">\n\t\t\t<div class=\"elementor-widget-wrap elementor-element-populated\">\n\t\t\t\t\t\t<section class=\"elementor-section elementor-inner-section elementor-element elementor-element-12ffd329 elementor-section-boxed elementor-section-height-default elementor-section-height-default\" data-id=\"12ffd329\" data-element_type=\"section\" data-e-type=\"section\">\n\t\t\t\t\t\t<div class=\"elementor-container elementor-column-gap-default\">\n\t\t\t\t\t<div class=\"elementor-column elementor-col-100 elementor-inner-column elementor-element elementor-element-34b1871e elementor-invisible\" data-id=\"34b1871e\" data-element_type=\"column\" data-e-type=\"column\" data-settings=\"{&quot;animation&quot;:&quot;fadeInUp&quot;}\">\n\t\t\t<div class=\"elementor-widget-wrap elementor-element-populated\">\n\t\t\t\t\t\t<div class=\"elementor-element elementor-element-4b82cd78 elementor-widget elementor-widget-image\" data-id=\"4b82cd78\" data-element_type=\"widget\" data-e-type=\"widget\" data-widget_type=\"image.default\">\n\t\t\t\t<div class=\"elementor-widget-container\">\n\t\t\t\t\t\t\t\t\t\t\t\t\t\t\t<img fetchpriority=\"high\" decoding=\"async\" width=\"1599\" height=\"1186\" src=\"https:\/\/anaitasunabodegon.com\/wp-content\/uploads\/2025\/03\/WhatsApp-Image-2025-03-20-at-13.50.21.jpeg\" class=\"attachment-full size-full wp-image-1396\" alt=\"\" srcset=\"https:\/\/anaitasunabodegon.com\/wp-content\/uploads\/2025\/03\/WhatsApp-Image-2025-03-20-at-13.50.21.jpeg 1599w, https:\/\/anaitasunabodegon.com\/wp-content\/uploads\/2025\/03\/WhatsApp-Image-2025-03-20-at-13.50.21-300x223.jpeg 300w, https:\/\/anaitasunabodegon.com\/wp-content\/uploads\/2025\/03\/WhatsApp-Image-2025-03-20-at-13.50.21-1024x760.jpeg 1024w, https:\/\/anaitasunabodegon.com\/wp-content\/uploads\/2025\/03\/WhatsApp-Image-2025-03-20-at-13.50.21-768x570.jpeg 768w, https:\/\/anaitasunabodegon.com\/wp-content\/uploads\/2025\/03\/WhatsApp-Image-2025-03-20-at-13.50.21-1536x1139.jpeg 1536w, https:\/\/anaitasunabodegon.com\/wp-content\/uploads\/2025\/03\/WhatsApp-Image-2025-03-20-at-13.50.21-16x12.jpeg 16w\" sizes=\"(max-width: 1599px) 100vw, 1599px\" \/>\t\t\t\t\t\t\t\t\t\t\t\t\t\t\t<\/div>\n\t\t\t\t<\/div>\n\t\t\t\t\t<\/div>\n\t\t<\/div>\n\t\t\t\t\t<\/div>\n\t\t<\/section>\n\t\t\t\t\t<\/div>\n\t\t<\/div>\n\t\t\t\t\t<\/div>\n\t\t<\/section>\n\t\t<div class=\"elementor-element elementor-element-a618a4b e-flex e-con-boxed e-con e-parent\" data-id=\"a618a4b\" data-element_type=\"container\" data-e-type=\"container\">\n\t\t\t\t\t<div class=\"e-con-inner\">\n\t\t\t\t<div class=\"elementor-element elementor-element-491e170 elementor-cta--skin-classic elementor-animated-content elementor-bg-transform elementor-bg-transform-zoom-in elementor-widget elementor-widget-call-to-action\" data-id=\"491e170\" data-element_type=\"widget\" data-e-type=\"widget\" data-widget_type=\"call-to-action.default\">\n\t\t\t\t<div class=\"elementor-widget-container\">\n\t\t\t\t\t\t\t<div class=\"elementor-cta\">\n\t\t\t\t\t<div class=\"elementor-cta__bg-wrapper\">\n\t\t\t\t<div class=\"elementor-cta__bg elementor-bg\" style=\"background-image: url(https:\/\/anaitasunabodegon.com\/wp-content\/uploads\/2025\/03\/WhatsApp-Image-2025-03-20-at-13.50.24-1024x769.jpeg);\" role=\"img\" aria-label=\"WhatsApp Image 2025-03-20 at 13.50.24\"><\/div>\n\t\t\t\t<div class=\"elementor-cta__bg-overlay\"><\/div>\n\t\t\t<\/div>\n\t\t\t\t\t\t\t<div class=\"elementor-cta__content\">\n\t\t\t\t\n\t\t\t\t\t\t\t\t\t<h2 class=\"elementor-cta__title elementor-cta__content-item elementor-content-item\">\n\t\t\t\t\t\t30 urtetik gorako tradizioa duzu zain Bodeg\u00f3n Anaitasunan\t\t\t\t\t<\/h2>\n\t\t\t\t\n\t\t\t\t\t\t\t\t\t<div class=\"elementor-cta__description elementor-cta__content-item elementor-content-item\">\n\t\t\t\t\t\tZatoz gure terraza zabalaz eta futbol girorik onenaz gozatzera.\t\t\t\t\t<\/div>\n\t\t\t\t\n\t\t\t\t\t\t\t\t\t<div class=\"elementor-cta__button-wrapper elementor-cta__content-item elementor-content-item\">\n\t\t\t\t\t<a class=\"elementor-cta__button elementor-button elementor-size-\" href=\"https:\/\/anaitasunabodegon.com\/eu\/productos\/\">\n\t\t\t\t\t\tProduktuak\t\t\t\t\t<\/a>\n\t\t\t\t\t<\/div>\n\t\t\t\t\t\t\t<\/div>\n\t\t\t\t\t\t<\/div>\n\t\t\t\t\t\t<\/div>\n\t\t\t\t<\/div>\n\t\t\t\t\t<\/div>\n\t\t\t\t<\/div>\n\t\t\t\t<\/div>","protected":false},"excerpt":{"rendered":"<p>Qui\u00e9nes somos Bodeg\u00f3n Anaitasuna Establecimiento con m\u00e1s de 30 a\u00f1os de historia en Barakaldo, Bizkaia, conocido por su ambiente acogedor y su amplia trayectoria en la zona. Con un local espacioso y una gran terraza, es el lugar ideal para reunirse con amigos y disfrutar de una buena conversaci\u00f3n en un entorno c\u00f3modo y relajado. [&hellip;]<\/p>\n","protected":false},"author":4,"featured_media":0,"parent":0,"menu_order":0,"comment_status":"closed","ping_status":"closed","template":"elementor_canvas","meta":{"footnotes":""},"class_list":["post-2","page","type-page","status-publish","hentry"],"yoast_head":"<!-- This site is optimized with the Yoast SEO plugin v27.5 - https:\/\/yoast.com\/product\/yoast-seo-wordpress\/ -->\n<title>Inicio - Anaitasuna Bodegon<\/title>\n<meta name=\"robots\" content=\"index, follow, max-snippet:-1, max-image-preview:large, max-video-preview:-1\" \/>\n<link rel=\"canonical\" href=\"https:\/\/anaitasunabodegon.com\/eu\/\" \/>\n<meta property=\"og:locale\" content=\"en_US\" \/>\n<meta property=\"og:type\" content=\"article\" \/>\n<meta property=\"og:title\" content=\"Inicio - Anaitasuna Bodegon\" \/>\n<meta property=\"og:description\" content=\"Qui\u00e9nes somos Bodeg\u00f3n Anaitasuna Establecimiento con m\u00e1s de 30 a\u00f1os de historia en Barakaldo, Bizkaia, conocido por su ambiente acogedor y su amplia trayectoria en la zona. Con un local espacioso y una gran terraza, es el lugar ideal para reunirse con amigos y disfrutar de una buena conversaci\u00f3n en un entorno c\u00f3modo y relajado. [&hellip;]\" \/>\n<meta property=\"og:url\" content=\"https:\/\/anaitasunabodegon.com\/eu\/\" \/>\n<meta property=\"og:site_name\" content=\"Anaitasuna Bodegon\" \/>\n<meta property=\"article:modified_time\" content=\"2025-03-20T16:12:46+00:00\" \/>\n<meta property=\"og:image\" content=\"https:\/\/anaitasunabodegon.com\/wp-content\/uploads\/2025\/03\/WhatsApp-Image-2025-03-20-at-13.50.21.jpeg\" \/>\n\t<meta property=\"og:image:width\" content=\"1599\" \/>\n\t<meta property=\"og:image:height\" content=\"1186\" \/>\n\t<meta property=\"og:image:type\" content=\"image\/jpeg\" \/>\n<meta name=\"twitter:card\" content=\"summary_large_image\" \/>\n<meta name=\"twitter:label1\" content=\"Est. reading time\" \/>\n\t<meta name=\"twitter:data1\" content=\"1 minutua\" \/>\n<script type=\"application\/ld+json\" class=\"yoast-schema-graph\">{\"@context\":\"https:\\\/\\\/schema.org\",\"@graph\":[{\"@type\":\"WebPage\",\"@id\":\"https:\\\/\\\/anaitasunabodegon.com\\\/\",\"url\":\"https:\\\/\\\/anaitasunabodegon.com\\\/\",\"name\":\"Inicio - Anaitasuna Bodegon\",\"isPartOf\":{\"@id\":\"https:\\\/\\\/anaitasunabodegon.com\\\/#website\"},\"primaryImageOfPage\":{\"@id\":\"https:\\\/\\\/anaitasunabodegon.com\\\/#primaryimage\"},\"image\":{\"@id\":\"https:\\\/\\\/anaitasunabodegon.com\\\/#primaryimage\"},\"thumbnailUrl\":\"https:\\\/\\\/anaitasunabodegon.com\\\/wp-content\\\/uploads\\\/2025\\\/03\\\/WhatsApp-Image-2025-03-20-at-13.50.21.jpeg\",\"datePublished\":\"2024-10-01T07:57:46+00:00\",\"dateModified\":\"2025-03-20T16:12:46+00:00\",\"breadcrumb\":{\"@id\":\"https:\\\/\\\/anaitasunabodegon.com\\\/#breadcrumb\"},\"inLanguage\":\"eu\",\"potentialAction\":[{\"@type\":\"ReadAction\",\"target\":[\"https:\\\/\\\/anaitasunabodegon.com\\\/\"]}]},{\"@type\":\"ImageObject\",\"inLanguage\":\"eu\",\"@id\":\"https:\\\/\\\/anaitasunabodegon.com\\\/#primaryimage\",\"url\":\"https:\\\/\\\/anaitasunabodegon.com\\\/wp-content\\\/uploads\\\/2025\\\/03\\\/WhatsApp-Image-2025-03-20-at-13.50.21.jpeg\",\"contentUrl\":\"https:\\\/\\\/anaitasunabodegon.com\\\/wp-content\\\/uploads\\\/2025\\\/03\\\/WhatsApp-Image-2025-03-20-at-13.50.21.jpeg\"},{\"@type\":\"BreadcrumbList\",\"@id\":\"https:\\\/\\\/anaitasunabodegon.com\\\/#breadcrumb\",\"itemListElement\":[{\"@type\":\"ListItem\",\"position\":1,\"name\":\"Portada\",\"item\":\"https:\\\/\\\/anaitasunabodegon.com\\\/\"},{\"@type\":\"ListItem\",\"position\":2,\"name\":\"Inicio\"}]},{\"@type\":\"WebSite\",\"@id\":\"https:\\\/\\\/anaitasunabodegon.com\\\/#website\",\"url\":\"https:\\\/\\\/anaitasunabodegon.com\\\/\",\"name\":\"Anaitasuna Bodegon\",\"description\":\"Especialidad en caf\u00e9s ,cervezas y refrescos\",\"publisher\":{\"@id\":\"https:\\\/\\\/anaitasunabodegon.com\\\/#organization\"},\"potentialAction\":[{\"@type\":\"SearchAction\",\"target\":{\"@type\":\"EntryPoint\",\"urlTemplate\":\"https:\\\/\\\/anaitasunabodegon.com\\\/?s={search_term_string}\"},\"query-input\":{\"@type\":\"PropertyValueSpecification\",\"valueRequired\":true,\"valueName\":\"search_term_string\"}}],\"inLanguage\":\"eu\"},{\"@type\":\"Organization\",\"@id\":\"https:\\\/\\\/anaitasunabodegon.com\\\/#organization\",\"name\":\"Anaitasuna Bodegon\",\"url\":\"https:\\\/\\\/anaitasunabodegon.com\\\/\",\"logo\":{\"@type\":\"ImageObject\",\"inLanguage\":\"eu\",\"@id\":\"https:\\\/\\\/anaitasunabodegon.com\\\/#\\\/schema\\\/logo\\\/image\\\/\",\"url\":\"https:\\\/\\\/anaitasunabodegon.com\\\/wp-content\\\/uploads\\\/2025\\\/03\\\/cropped-Design-sem-nome.png\",\"contentUrl\":\"https:\\\/\\\/anaitasunabodegon.com\\\/wp-content\\\/uploads\\\/2025\\\/03\\\/cropped-Design-sem-nome.png\",\"width\":500,\"height\":439,\"caption\":\"Anaitasuna Bodegon\"},\"image\":{\"@id\":\"https:\\\/\\\/anaitasunabodegon.com\\\/#\\\/schema\\\/logo\\\/image\\\/\"}}]}<\/script>\n<!-- \/ Yoast SEO plugin. -->","yoast_head_json":{"title":"Inicio - Anaitasuna Bodegon","robots":{"index":"index","follow":"follow","max-snippet":"max-snippet:-1","max-image-preview":"max-image-preview:large","max-video-preview":"max-video-preview:-1"},"canonical":"https:\/\/anaitasunabodegon.com\/eu\/","og_locale":"en_US","og_type":"article","og_title":"Inicio - Anaitasuna Bodegon","og_description":"Qui\u00e9nes somos Bodeg\u00f3n Anaitasuna Establecimiento con m\u00e1s de 30 a\u00f1os de historia en Barakaldo, Bizkaia, conocido por su ambiente acogedor y su amplia trayectoria en la zona. Con un local espacioso y una gran terraza, es el lugar ideal para reunirse con amigos y disfrutar de una buena conversaci\u00f3n en un entorno c\u00f3modo y relajado. [&hellip;]","og_url":"https:\/\/anaitasunabodegon.com\/eu\/","og_site_name":"Anaitasuna Bodegon","article_modified_time":"2025-03-20T16:12:46+00:00","og_image":[{"width":1599,"height":1186,"url":"https:\/\/anaitasunabodegon.com\/wp-content\/uploads\/2025\/03\/WhatsApp-Image-2025-03-20-at-13.50.21.jpeg","type":"image\/jpeg"}],"twitter_card":"summary_large_image","twitter_misc":{"Est. reading time":"1 minutua"},"schema":{"@context":"https:\/\/schema.org","@graph":[{"@type":"WebPage","@id":"https:\/\/anaitasunabodegon.com\/","url":"https:\/\/anaitasunabodegon.com\/","name":"Inicio - Anaitasuna Bodegon","isPartOf":{"@id":"https:\/\/anaitasunabodegon.com\/#website"},"primaryImageOfPage":{"@id":"https:\/\/anaitasunabodegon.com\/#primaryimage"},"image":{"@id":"https:\/\/anaitasunabodegon.com\/#primaryimage"},"thumbnailUrl":"https:\/\/anaitasunabodegon.com\/wp-content\/uploads\/2025\/03\/WhatsApp-Image-2025-03-20-at-13.50.21.jpeg","datePublished":"2024-10-01T07:57:46+00:00","dateModified":"2025-03-20T16:12:46+00:00","breadcrumb":{"@id":"https:\/\/anaitasunabodegon.com\/#breadcrumb"},"inLanguage":"eu","potentialAction":[{"@type":"ReadAction","target":["https:\/\/anaitasunabodegon.com\/"]}]},{"@type":"ImageObject","inLanguage":"eu","@id":"https:\/\/anaitasunabodegon.com\/#primaryimage","url":"https:\/\/anaitasunabodegon.com\/wp-content\/uploads\/2025\/03\/WhatsApp-Image-2025-03-20-at-13.50.21.jpeg","contentUrl":"https:\/\/anaitasunabodegon.com\/wp-content\/uploads\/2025\/03\/WhatsApp-Image-2025-03-20-at-13.50.21.jpeg"},{"@type":"BreadcrumbList","@id":"https:\/\/anaitasunabodegon.com\/#breadcrumb","itemListElement":[{"@type":"ListItem","position":1,"name":"Portada","item":"https:\/\/anaitasunabodegon.com\/"},{"@type":"ListItem","position":2,"name":"Inicio"}]},{"@type":"WebSite","@id":"https:\/\/anaitasunabodegon.com\/#website","url":"https:\/\/anaitasunabodegon.com\/","name":"Anaitasuna Bodegon","description":"Especialidad en caf\u00e9s ,cervezas y refrescos","publisher":{"@id":"https:\/\/anaitasunabodegon.com\/#organization"},"potentialAction":[{"@type":"SearchAction","target":{"@type":"EntryPoint","urlTemplate":"https:\/\/anaitasunabodegon.com\/?s={search_term_string}"},"query-input":{"@type":"PropertyValueSpecification","valueRequired":true,"valueName":"search_term_string"}}],"inLanguage":"eu"},{"@type":"Organization","@id":"https:\/\/anaitasunabodegon.com\/#organization","name":"Anaitasuna Bodegon","url":"https:\/\/anaitasunabodegon.com\/","logo":{"@type":"ImageObject","inLanguage":"eu","@id":"https:\/\/anaitasunabodegon.com\/#\/schema\/logo\/image\/","url":"https:\/\/anaitasunabodegon.com\/wp-content\/uploads\/2025\/03\/cropped-Design-sem-nome.png","contentUrl":"https:\/\/anaitasunabodegon.com\/wp-content\/uploads\/2025\/03\/cropped-Design-sem-nome.png","width":500,"height":439,"caption":"Anaitasuna Bodegon"},"image":{"@id":"https:\/\/anaitasunabodegon.com\/#\/schema\/logo\/image\/"}}]}},"_links":{"self":[{"href":"https:\/\/anaitasunabodegon.com\/eu\/wp-json\/wp\/v2\/pages\/2","targetHints":{"allow":["GET"]}}],"collection":[{"href":"https:\/\/anaitasunabodegon.com\/eu\/wp-json\/wp\/v2\/pages"}],"about":[{"href":"https:\/\/anaitasunabodegon.com\/eu\/wp-json\/wp\/v2\/types\/page"}],"author":[{"embeddable":true,"href":"https:\/\/anaitasunabodegon.com\/eu\/wp-json\/wp\/v2\/users\/4"}],"replies":[{"embeddable":true,"href":"https:\/\/anaitasunabodegon.com\/eu\/wp-json\/wp\/v2\/comments?post=2"}],"version-history":[{"count":406,"href":"https:\/\/anaitasunabodegon.com\/eu\/wp-json\/wp\/v2\/pages\/2\/revisions"}],"predecessor-version":[{"id":1470,"href":"https:\/\/anaitasunabodegon.com\/eu\/wp-json\/wp\/v2\/pages\/2\/revisions\/1470"}],"wp:attachment":[{"href":"https:\/\/anaitasunabodegon.com\/eu\/wp-json\/wp\/v2\/media?parent=2"}],"curies":[{"name":"wp","href":"https:\/\/api.w.org\/{rel}","templated":true}]}}